{"id":733,"date":"2019-10-29T16:11:49","date_gmt":"2019-10-29T16:11:49","guid":{"rendered":"https:\/\/the7.io\/dev-studio\/?page_id=733"},"modified":"2023-07-06T14:48:53","modified_gmt":"2023-07-06T12:48:53","slug":"web-development","status":"publish","type":"page","link":"https:\/\/legorilleencravate.com\/?page_id=733","title":{"rendered":"Site Web &#038; E-commerce"},"content":{"rendered":"<p>[vc_row equal_height=\u00a0\u00bbyes\u00a0\u00bb content_placement=\u00a0\u00bbmiddle\u00a0\u00bb bg_type=\u00a0\u00bbimage\u00a0\u00bb css=\u00a0\u00bb.vc_custom_1688647034579{margin-bottom: 50px !important;}\u00a0\u00bb el_class=\u00a0\u00bbreverse-row-on-mobile\u00a0\u00bb][vc_column]<style type=\"text\/css\" data-type=\"the7_shortcodes-inline-css\">.shortcode-single-image-wrap.shortcode-single-image-aac29e67d4908edc469b0e1ce0aa3d5f.enable-bg-rollover .rollover i,\n.shortcode-single-image-wrap.shortcode-single-image-aac29e67d4908edc469b0e1ce0aa3d5f.enable-bg-rollover .rollover-video i {\n  background: -webkit-linear-gradient();\n  background: linear-gradient();\n}\n.shortcode-single-image-wrap.shortcode-single-image-aac29e67d4908edc469b0e1ce0aa3d5f .rollover-icon {\n  font-size: 32px;\n  color: #ffffff;\n  min-width: 44px;\n  min-height: 44px;\n  line-height: 44px;\n  border-radius: 100px;\n  border-style: solid;\n  border-width: 0px;\n}\n.dt-icon-bg-on.shortcode-single-image-wrap.shortcode-single-image-aac29e67d4908edc469b0e1ce0aa3d5f .rollover-icon {\n  background: rgba(255,255,255,0.3);\n  box-shadow: none;\n}\n<\/style><div class=\"shortcode-single-image-wrap shortcode-single-image-aac29e67d4908edc469b0e1ce0aa3d5f alignnone  enable-bg-rollover dt-icon-bg-off\" style=\"margin-top:0px; margin-bottom:0px; margin-left:0px; margin-right:0px; width:1800px;\"><div class=\"shortcode-single-image\"><div class=\"fancy-media-wrap  layzr-bg\" style=\"\"><img class=\"preload-me lazy-load\" src=\"data:image\/svg+xml,%3Csvg%20xmlns%3D&#39;http%3A%2F%2Fwww.w3.org%2F2000%2Fsvg&#39;%20viewBox%3D&#39;0%200%201800%20900&#39;%2F%3E\" data-src=\"https:\/\/legorilleencravate.com\/wp-content\/uploads\/2022\/10\/ordi-laptop-iphone-1800x900.png\" data-srcset=\"https:\/\/legorilleencravate.com\/wp-content\/uploads\/2022\/10\/ordi-laptop-iphone-1800x900.png 1800w, https:\/\/legorilleencravate.com\/wp-content\/uploads\/2022\/10\/ordi-laptop-iphone-3600x1800.png 3600w\" width=\"1800\" height=\"900\"  data-dt-location=\"https:\/\/legorilleencravate.com\/?attachment_id=1503\" style=\"\" alt=\"\" \/><\/div><\/div><\/div>[\/vc_column][vc_column]<div id=\"ultimate-heading-389469e2027e7c284\" class=\"uvc-heading ult-adjust-bottom-margin ultimate-heading-389469e2027e7c284 uvc-5706 accent-subtitle-color\" data-hspacer=\"no_spacer\"  data-halign=\"left\" style=\"text-align:left\"><div class=\"uvc-heading-spacer no_spacer\" style=\"top\"><\/div><div class=\"uvc-main-heading ult-responsive\"  data-ultimate-target='.uvc-heading.ultimate-heading-389469e2027e7c284 h3'  data-responsive-json-new='{\"font-size\":\"desktop:36px;\",\"line-height\":\"desktop:46px;\"}' ><h3 style=\"font-weight:bold;margin-bottom:20px;\">Du site vitrine au site E-commerce nous aurons le produit adapt\u00e9 \u00e0 votre besoin<\/h3><\/div><div class=\"uvc-sub-heading ult-responsive\"  data-ultimate-target='.uvc-heading.ultimate-heading-389469e2027e7c284 .uvc-sub-heading '  data-responsive-json-new='{\"font-size\":\"\",\"line-height\":\"\"}'  style=\"font-weight:bold;margin-bottom:30px;\">Nous d\u00e9veloppons des solutions sur mesure adapt\u00e9es \u00e0 votre budget en coh\u00e9rence avec les objectifs de la soci\u00e9t\u00e9. Nous sommes l\u00e0 pour vous accompagner peu importe le type de besoin<\/div><\/div>[\/vc_column][vc_column][vc_column_text]Au sein de l&rsquo;agence, nous comprenons l&rsquo;importance d&rsquo;une pr\u00e9sence en ligne solide pour toute entreprise, quelle que soit sa taille ou son secteur d&rsquo;activit\u00e9. C&rsquo;est pourquoi nous proposons une gamme compl\u00e8te de services de d\u00e9veloppement web, allant des sites vitrines aux plateformes de commerce \u00e9lectronique avanc\u00e9es.<\/p>\n<p>Que vous ayez besoin d&rsquo;un site vitrine \u00e9l\u00e9gant pour pr\u00e9senter votre entreprise, de fonctionnalit\u00e9s interactives pour engager votre audience, ou d&rsquo;une boutique en ligne enti\u00e8rement int\u00e9gr\u00e9e pour vendre vos produits et services, nous sommes l\u00e0 pour vous accompagner dans votre d\u00e9veloppement digital.<\/p>\n<p>Notre approche consiste \u00e0 comprendre en profondeur les objectifs et les besoins sp\u00e9cifiques de votre entreprise. Nous travaillons en \u00e9troite collaboration avec vous pour concevoir et d\u00e9velopper un site web sur mesure, refl\u00e9tant votre identit\u00e9 de marque et r\u00e9pondant aux attentes de votre audience.<\/p>\n<p>Notre \u00e9quipe de d\u00e9veloppeurs exp\u00e9riment\u00e9s ma\u00eetrise les derni\u00e8res technologies et les meilleures pratiques pour cr\u00e9er des sites web performants, s\u00e9curis\u00e9s et intuitifs. Nous accordons une attention particuli\u00e8re \u00e0 l&rsquo;optimisation du r\u00e9f\u00e9rencement (SEO) pour am\u00e9liorer la visibilit\u00e9 de votre site web dans les moteurs de recherche, ce qui vous permet d&rsquo;atteindre un public plus large.<\/p>\n<p>Mais notre travail ne s&rsquo;arr\u00eate pas l\u00e0. En plus du d\u00e9veloppement du site web, nous offrons un v\u00e9ritable accompagnement dans le d\u00e9veloppement digital de votre entreprise. Nous pouvons vous conseiller sur les strat\u00e9gies de marketing en ligne, la gestion des r\u00e9seaux sociaux, l&rsquo;optimisation des conversions et bien d&rsquo;autres aspects cruciaux pour votre r\u00e9ussite en ligne.<\/p>\n<p>Nous sommes fiers d&rsquo;avoir aid\u00e9 de nombreuses entreprises \u00e0 r\u00e9aliser leur plein potentiel sur le web. Qu&rsquo;il s&rsquo;agisse de petites start-ups ou de grandes entreprises \u00e9tablies, nous nous engageons \u00e0 fournir des solutions web sur mesure, adapt\u00e9es \u00e0 vos besoins et \u00e0 votre budget.<\/p>\n<p>&nbsp;[\/vc_column_text][\/vc_column][\/vc_row]<\/p>\n","protected":false},"excerpt":{"rendered":"<p>[vc_row equal_height=\u00a0\u00bbyes\u00a0\u00bb content_placement=\u00a0\u00bbmiddle\u00a0\u00bb bg_type=\u00a0\u00bbimage\u00a0\u00bb css=\u00a0\u00bb.vc_custom_1688647034579{margin-bottom: 50px !important;}\u00a0\u00bb el_class=\u00a0\u00bbreverse-row-on-mobile\u00a0\u00bb][vc_column][\/vc_column][vc_column][\/vc_column][vc_column][vc_column_text]Au sein de l&rsquo;agence, nous comprenons l&rsquo;importance d&rsquo;une pr\u00e9sence en ligne solide pour toute entreprise, quelle que soit sa taille ou son secteur d&rsquo;activit\u00e9. C&rsquo;est pourquoi nous proposons une gamme compl\u00e8te de services de d\u00e9veloppement web, allant des sites vitrines aux plateformes de commerce \u00e9lectronique avanc\u00e9es. Que vous&hellip;<\/p>\n","protected":false},"author":1,"featured_media":935,"parent":425,"menu_order":10,"comment_status":"closed","ping_status":"closed","template":"","meta":[],"folder":[],"_links":{"self":[{"href":"https:\/\/legorilleencravate.com\/index.php?rest_route=\/wp\/v2\/pages\/733"}],"collection":[{"href":"https:\/\/legorilleencravate.com\/index.php?rest_route=\/wp\/v2\/pages"}],"about":[{"href":"https:\/\/legorilleencravate.com\/index.php?rest_route=\/wp\/v2\/types\/page"}],"author":[{"embeddable":true,"href":"https:\/\/legorilleencravate.com\/index.php?rest_route=\/wp\/v2\/users\/1"}],"replies":[{"embeddable":true,"href":"https:\/\/legorilleencravate.com\/index.php?rest_route=%2Fwp%2Fv2%2Fcomments&post=733"}],"version-history":[{"count":12,"href":"https:\/\/legorilleencravate.com\/index.php?rest_route=\/wp\/v2\/pages\/733\/revisions"}],"predecessor-version":[{"id":1522,"href":"https:\/\/legorilleencravate.com\/index.php?rest_route=\/wp\/v2\/pages\/733\/revisions\/1522"}],"up":[{"embeddable":true,"href":"https:\/\/legorilleencravate.com\/index.php?rest_route=\/wp\/v2\/pages\/425"}],"wp:featuredmedia":[{"embeddable":true,"href":"https:\/\/legorilleencravate.com\/index.php?rest_route=\/wp\/v2\/media\/935"}],"wp:attachment":[{"href":"https:\/\/legorilleencravate.com\/index.php?rest_route=%2Fwp%2Fv2%2Fmedia&parent=733"}],"wp:term":[{"taxonomy":"folder","embeddable":true,"href":"https:\/\/legorilleencravate.com\/index.php?rest_route=%2Fwp%2Fv2%2Ffolder&post=733"}],"curies":[{"name":"wp","href":"https:\/\/api.w.org\/{rel}","templated":true}]}}